{"id":715,"date":"2023-07-16T19:51:46","date_gmt":"2023-07-16T22:51:46","guid":{"rendered":"https:\/\/centrodaamazonia.flordelotusdigital.com.br\/?page_id=715"},"modified":"2023-08-17T09:12:26","modified_gmt":"2023-08-17T12:12:26","slug":"novidades","status":"publish","type":"page","link":"https:\/\/centrodaamazonia.flordelotusdigital.com.br\/index.php\/novidades\/","title":{"rendered":"Novidades"},"content":{"rendered":"\t\t<div data-elementor-type=\"wp-page\" data-elementor-id=\"715\" class=\"elementor elementor-715\">\n\t\t\t\t\t\t\t\t\t<section class=\"elementor-section elementor-top-section elementor-element elementor-element-adbfd03 elementor-section-full_width elementor-section-stretched elementor-section-height-default elementor-section-height-default\" data-id=\"adbfd03\" data-element_type=\"section\" data-settings=\"{&quot;stretch_section&quot;:&quot;section-stretched&quot;}\">\n\t\t\t\t\t\t<div class=\"elementor-container elementor-column-gap-default\">\n\t\t\t\t\t<div class=\"elementor-column elementor-col-100 elementor-top-column elementor-element elementor-element-df985ac\" data-id=\"df985ac\" data-element_type=\"column\" data-settings=\"{&quot;background_background&quot;:&quot;classic&quot;}\">\n\t\t\t<div class=\"elementor-widget-wrap elementor-element-populated\">\n\t\t\t\t\t\t\t\t<div class=\"elementor-element elementor-element-c45db22 elementor-widget elementor-widget-spacer\" data-id=\"c45db22\" data-element_type=\"widget\" data-widget_type=\"spacer.default\">\n\t\t\t\t<div class=\"elementor-widget-container\">\n\t\t\t<style>\/*! elementor - v3.13.3 - 28-05-2023 *\/\n.elementor-column .elementor-spacer-inner{height:var(--spacer-size)}.e-con{--container-widget-width:100%}.e-con-inner>.elementor-widget-spacer,.e-con>.elementor-widget-spacer{width:var(--container-widget-width,var(--spacer-size));--align-self:var(--container-widget-align-self,initial);--flex-shrink:0}.e-con-inner>.elementor-widget-spacer>.elementor-widget-container,.e-con-inner>.elementor-widget-spacer>.elementor-widget-container>.elementor-spacer,.e-con>.elementor-widget-spacer>.elementor-widget-container,.e-con>.elementor-widget-spacer>.elementor-widget-container>.elementor-spacer{height:100%}.e-con-inner>.elementor-widget-spacer>.elementor-widget-container>.elementor-spacer>.elementor-spacer-inner,.e-con>.elementor-widget-spacer>.elementor-widget-container>.elementor-spacer>.elementor-spacer-inner{height:var(--container-widget-height,var(--spacer-size))}<\/style>\t\t<div class=\"elementor-spacer\">\n\t\t\t<div class=\"elementor-spacer-inner\"><\/div>\n\t\t<\/div>\n\t\t\t\t<\/div>\n\t\t\t\t<\/div>\n\t\t\t\t<div class=\"elementor-element elementor-element-147947b elementor-widget elementor-widget-image\" data-id=\"147947b\" data-element_type=\"widget\" data-widget_type=\"image.default\">\n\t\t\t\t<div class=\"elementor-widget-container\">\n\t\t\t<style>\/*! elementor - v3.13.3 - 28-05-2023 *\/\n.elementor-widget-image{text-align:center}.elementor-widget-image a{display:inline-block}.elementor-widget-image a img[src$=\".svg\"]{width:48px}.elementor-widget-image img{vertical-align:middle;display:inline-block}<\/style>\t\t\t\t\t\t\t\t\t\t\t\t<img decoding=\"async\" width=\"649\" height=\"119\" src=\"https:\/\/centrodaamazonia.flordelotusdigital.com.br\/wp-content\/uploads\/2023\/06\/novidades.png\" class=\"attachment-1536x1536 size-1536x1536 wp-image-388\" alt=\"\" loading=\"lazy\" srcset=\"https:\/\/centrodaamazonia.flordelotusdigital.com.br\/wp-content\/uploads\/2023\/06\/novidades.png 649w, https:\/\/centrodaamazonia.flordelotusdigital.com.br\/wp-content\/uploads\/2023\/06\/novidades-300x55.png 300w\" sizes=\"100vw\" \/>\t\t\t\t\t\t\t\t\t\t\t\t\t\t\t<\/div>\n\t\t\t\t<\/div>\n\t\t\t\t\t<\/div>\n\t\t<\/div>\n\t\t\t\t\t\t\t<\/div>\n\t\t<\/section>\n\t\t\t\t<section class=\"elementor-section elementor-top-section elementor-element elementor-element-3d31346 elementor-section-full_width elementor-section-stretched elementor-section-height-default elementor-section-height-default\" data-id=\"3d31346\" data-element_type=\"section\" data-settings=\"{&quot;stretch_section&quot;:&quot;section-stretched&quot;,&quot;background_background&quot;:&quot;classic&quot;}\">\n\t\t\t\t\t\t<div class=\"elementor-container elementor-column-gap-no\">\n\t\t\t\t\t<div class=\"elementor-column elementor-col-100 elementor-top-column elementor-element elementor-element-b44e814\" data-id=\"b44e814\" data-element_type=\"column\">\n\t\t\t<div class=\"elementor-widget-wrap elementor-element-populated\">\n\t\t\t\t\t\t\t\t<div class=\"elementor-element elementor-element-74f266a elementor-widget elementor-widget-image\" data-id=\"74f266a\" data-element_type=\"widget\" data-widget_type=\"image.default\">\n\t\t\t\t<div class=\"elementor-widget-container\">\n\t\t\t\t\t\t\t\t\t\t\t\t\t\t\t<img decoding=\"async\" width=\"1920\" height=\"241\" src=\"https:\/\/centrodaamazonia.flordelotusdigital.com.br\/wp-content\/uploads\/2023\/06\/DIVIDER03.png\" class=\"attachment-full size-full wp-image-231\" alt=\"\" loading=\"lazy\" srcset=\"https:\/\/centrodaamazonia.flordelotusdigital.com.br\/wp-content\/uploads\/2023\/06\/DIVIDER03.png 1920w, https:\/\/centrodaamazonia.flordelotusdigital.com.br\/wp-content\/uploads\/2023\/06\/DIVIDER03-300x38.png 300w, https:\/\/centrodaamazonia.flordelotusdigital.com.br\/wp-content\/uploads\/2023\/06\/DIVIDER03-1024x129.png 1024w, https:\/\/centrodaamazonia.flordelotusdigital.com.br\/wp-content\/uploads\/2023\/06\/DIVIDER03-768x96.png 768w, https:\/\/centrodaamazonia.flordelotusdigital.com.br\/wp-content\/uploads\/2023\/06\/DIVIDER03-1536x193.png 1536w\" sizes=\"100vw\" \/>\t\t\t\t\t\t\t\t\t\t\t\t\t\t\t<\/div>\n\t\t\t\t<\/div>\n\t\t\t\t\t<\/div>\n\t\t<\/div>\n\t\t\t\t\t\t\t<\/div>\n\t\t<\/section>\n\t\t\t\t<section class=\"elementor-section elementor-top-section elementor-element elementor-element-fb5e638 elementor-section-full_width elementor-section-stretched elementor-section-height-default elementor-section-height-default\" data-id=\"fb5e638\" data-element_type=\"section\" data-settings=\"{&quot;stretch_section&quot;:&quot;section-stretched&quot;}\">\n\t\t\t\t\t\t<div class=\"elementor-container elementor-column-gap-no\">\n\t\t\t\t\t<div class=\"elementor-column elementor-col-100 elementor-top-column elementor-element elementor-element-c3d437d\" data-id=\"c3d437d\" data-element_type=\"column\">\n\t\t\t<div class=\"elementor-widget-wrap elementor-element-populated\">\n\t\t\t\t\t\t\t\t<div class=\"elementor-element elementor-element-27ce212 elementor-grid-tablet-3 elementor-posts--align-center elementor-posts__hover-none elementor-grid-3 elementor-grid-mobile-1 elementor-posts--thumbnail-top elementor-card-shadow-yes load-more-align-center elementor-widget elementor-widget-posts\" data-id=\"27ce212\" data-element_type=\"widget\" data-settings=\"{&quot;cards_columns_tablet&quot;:&quot;3&quot;,&quot;cards_row_gap&quot;:{&quot;unit&quot;:&quot;px&quot;,&quot;size&quot;:23,&quot;sizes&quot;:[]},&quot;pagination_type&quot;:&quot;load_more_on_click&quot;,&quot;cards_columns&quot;:&quot;3&quot;,&quot;cards_columns_mobile&quot;:&quot;1&quot;,&quot;cards_row_gap_tablet&quot;:{&quot;unit&quot;:&quot;px&quot;,&quot;size&quot;:&quot;&quot;,&quot;sizes&quot;:[]},&quot;cards_row_gap_mobile&quot;:{&quot;unit&quot;:&quot;px&quot;,&quot;size&quot;:&quot;&quot;,&quot;sizes&quot;:[]},&quot;load_more_spinner&quot;:{&quot;value&quot;:&quot;fas fa-spinner&quot;,&quot;library&quot;:&quot;fa-solid&quot;}}\" data-widget_type=\"posts.cards\">\n\t\t\t\t<div class=\"elementor-widget-container\">\n\t\t\t<link rel=\"stylesheet\" href=\"https:\/\/centrodaamazonia.flordelotusdigital.com.br\/wp-content\/plugins\/elementor-pro\/assets\/css\/widget-posts.min.css\">\t\t<div class=\"elementor-posts-container elementor-posts elementor-posts--skin-cards elementor-grid\">\n\t\t\t\t<article class=\"elementor-post elementor-grid-item post-44 post type-post status-publish format-standard has-post-thumbnail hentry category-blog\">\n\t\t\t<div class=\"elementor-post__card\">\n\t\t\t\t<a class=\"elementor-post__thumbnail__link\" href=\"https:\/\/centrodaamazonia.flordelotusdigital.com.br\/index.php\/2023\/06\/24\/imersao-2023\/\" ><div class=\"elementor-post__thumbnail\"><img width=\"5267\" height=\"3512\" src=\"https:\/\/centrodaamazonia.flordelotusdigital.com.br\/wp-content\/uploads\/2023\/06\/24JUN-Demoday-Belo-Monte-Empreende.png\" class=\"attachment-full size-full wp-image-1127\" alt=\"\" decoding=\"async\" loading=\"lazy\" srcset=\"https:\/\/centrodaamazonia.flordelotusdigital.com.br\/wp-content\/uploads\/2023\/06\/24JUN-Demoday-Belo-Monte-Empreende.png 5267w, https:\/\/centrodaamazonia.flordelotusdigital.com.br\/wp-content\/uploads\/2023\/06\/24JUN-Demoday-Belo-Monte-Empreende-300x200.png 300w, https:\/\/centrodaamazonia.flordelotusdigital.com.br\/wp-content\/uploads\/2023\/06\/24JUN-Demoday-Belo-Monte-Empreende-1024x683.png 1024w, https:\/\/centrodaamazonia.flordelotusdigital.com.br\/wp-content\/uploads\/2023\/06\/24JUN-Demoday-Belo-Monte-Empreende-768x512.png 768w, https:\/\/centrodaamazonia.flordelotusdigital.com.br\/wp-content\/uploads\/2023\/06\/24JUN-Demoday-Belo-Monte-Empreende-1536x1024.png 1536w, https:\/\/centrodaamazonia.flordelotusdigital.com.br\/wp-content\/uploads\/2023\/06\/24JUN-Demoday-Belo-Monte-Empreende-2048x1366.png 2048w\" sizes=\"100vw\" \/><\/div><\/a>\n\t\t\t\t<div class=\"elementor-post__text\">\n\t\t\t\t<h3 class=\"elementor-post__title\">\n\t\t\t<a href=\"https:\/\/centrodaamazonia.flordelotusdigital.com.br\/index.php\/2023\/06\/24\/imersao-2023\/\" >\n\t\t\t\tBelo Monte Empreende: Celebrando a Sustentabilidade em Altamira\/PA\t\t\t<\/a>\n\t\t<\/h3>\n\t\t\t\t<div class=\"elementor-post__excerpt\">\n\t\t\t<p>No dia 24 de junho, a cidade de Altamira, no estado do Par\u00e1, foi palco de um evento inspirador e transformador: a Feira de Neg\u00f3cios Sustent\u00e1veis do programa&nbsp; Belo Monte Empreende. O evento reuniu empreendedores, investidores e entusiastas da sustentabilidade em uma celebra\u00e7\u00e3o do potencial empreendedor local e das solu\u00e7\u00f5es<\/p>\n\t\t<\/div>\n\t\t\t\t\t<div class=\"elementor-post__read-more-wrapper\">\n\t\t\n\t\t<a class=\"elementor-post__read-more\" href=\"https:\/\/centrodaamazonia.flordelotusdigital.com.br\/index.php\/2023\/06\/24\/imersao-2023\/\" aria-label=\"Read more about Belo Monte Empreende: Celebrando a Sustentabilidade em Altamira\/PA\" >\n\t\t\tLeia mais \u00bb\t\t<\/a>\n\n\t\t\t\t\t<\/div>\n\t\t\t\t<\/div>\n\t\t\t\t<div class=\"elementor-post__meta-data\">\n\t\t\t\t\t<span class=\"elementor-post-date\">\n\t\t\t24 de June de 2023\t\t<\/span>\n\t\t\t\t<\/div>\n\t\t\t\t\t<\/div>\n\t\t<\/article>\n\t\t\t\t<article class=\"elementor-post elementor-grid-item post-1129 post type-post status-publish format-standard has-post-thumbnail hentry category-blog\">\n\t\t\t<div class=\"elementor-post__card\">\n\t\t\t\t<a class=\"elementor-post__thumbnail__link\" href=\"https:\/\/centrodaamazonia.flordelotusdigital.com.br\/index.php\/2023\/02\/12\/amazonia-up-apresentou-produtos-e-servicos-sustentaveis-da-floresta-e-recebeu-para-uma-passeio-em-realidade-virtual-pelo-tapajos\/\" ><div class=\"elementor-post__thumbnail\"><img width=\"2560\" height=\"1707\" src=\"https:\/\/centrodaamazonia.flordelotusdigital.com.br\/wp-content\/uploads\/2023\/07\/AMAZONIA-UP-SEGUNDO-DIA-176-1-scaled.jpg\" class=\"attachment-full size-full wp-image-1130\" alt=\"\" decoding=\"async\" loading=\"lazy\" srcset=\"https:\/\/centrodaamazonia.flordelotusdigital.com.br\/wp-content\/uploads\/2023\/07\/AMAZONIA-UP-SEGUNDO-DIA-176-1-scaled.jpg 2560w, https:\/\/centrodaamazonia.flordelotusdigital.com.br\/wp-content\/uploads\/2023\/07\/AMAZONIA-UP-SEGUNDO-DIA-176-1-300x200.jpg 300w, https:\/\/centrodaamazonia.flordelotusdigital.com.br\/wp-content\/uploads\/2023\/07\/AMAZONIA-UP-SEGUNDO-DIA-176-1-1024x683.jpg 1024w, https:\/\/centrodaamazonia.flordelotusdigital.com.br\/wp-content\/uploads\/2023\/07\/AMAZONIA-UP-SEGUNDO-DIA-176-1-768x512.jpg 768w, https:\/\/centrodaamazonia.flordelotusdigital.com.br\/wp-content\/uploads\/2023\/07\/AMAZONIA-UP-SEGUNDO-DIA-176-1-1536x1024.jpg 1536w, https:\/\/centrodaamazonia.flordelotusdigital.com.br\/wp-content\/uploads\/2023\/07\/AMAZONIA-UP-SEGUNDO-DIA-176-1-2048x1365.jpg 2048w\" sizes=\"100vw\" \/><\/div><\/a>\n\t\t\t\t<div class=\"elementor-post__text\">\n\t\t\t\t<h3 class=\"elementor-post__title\">\n\t\t\t<a href=\"https:\/\/centrodaamazonia.flordelotusdigital.com.br\/index.php\/2023\/02\/12\/amazonia-up-apresentou-produtos-e-servicos-sustentaveis-da-floresta-e-recebeu-para-uma-passeio-em-realidade-virtual-pelo-tapajos\/\" >\n\t\t\t\tAmaz\u00f4nia UP apresentou produtos e servi\u00e7os sustent\u00e1veis da floresta e recebeu para uma passeio em realidade virtual pelo Tapaj\u00f3s\t\t\t<\/a>\n\t\t<\/h3>\n\t\t\t\t<div class=\"elementor-post__excerpt\">\n\t\t\t<p>O Amaz\u00f4nia Up, maior programa de pr\u00e9-acelera\u00e7\u00e3o de neg\u00f3cios sustent\u00e1veis da Amaz\u00f4nia com foco em floresta e sociobiodiversidade, vem, h\u00e1 mais de 6 anos conectando empreendedores \u00e0 metodologias avan\u00e7adas de desenvolvimento de neg\u00f3cios sustent\u00e1veis para que sejam aplicadas e aperfei\u00e7oadas por Amaz\u00f4nidas para a Amaz\u00f4nia. A sexta edi\u00e7\u00e3o do programa,<\/p>\n\t\t<\/div>\n\t\t\t\t\t<div class=\"elementor-post__read-more-wrapper\">\n\t\t\n\t\t<a class=\"elementor-post__read-more\" href=\"https:\/\/centrodaamazonia.flordelotusdigital.com.br\/index.php\/2023\/02\/12\/amazonia-up-apresentou-produtos-e-servicos-sustentaveis-da-floresta-e-recebeu-para-uma-passeio-em-realidade-virtual-pelo-tapajos\/\" aria-label=\"Read more about Amaz\u00f4nia UP apresentou produtos e servi\u00e7os sustent\u00e1veis da floresta e recebeu para uma passeio em realidade virtual pelo Tapaj\u00f3s\" >\n\t\t\tLeia mais \u00bb\t\t<\/a>\n\n\t\t\t\t\t<\/div>\n\t\t\t\t<\/div>\n\t\t\t\t<div class=\"elementor-post__meta-data\">\n\t\t\t\t\t<span class=\"elementor-post-date\">\n\t\t\t12 de February de 2023\t\t<\/span>\n\t\t\t\t<\/div>\n\t\t\t\t\t<\/div>\n\t\t<\/article>\n\t\t\t\t<article class=\"elementor-post elementor-grid-item post-1132 post type-post status-publish format-standard has-post-thumbnail hentry category-blog\">\n\t\t\t<div class=\"elementor-post__card\">\n\t\t\t\t<a class=\"elementor-post__thumbnail__link\" href=\"https:\/\/centrodaamazonia.flordelotusdigital.com.br\/index.php\/2021\/10\/21\/o-turismo-pode-nos-apresentar-a-amazonia-que-nao-conhecemos\/\" ><div class=\"elementor-post__thumbnail\"><img width=\"771\" height=\"511\" src=\"https:\/\/centrodaamazonia.flordelotusdigital.com.br\/wp-content\/uploads\/2023\/07\/bacuri3.png\" class=\"attachment-full size-full wp-image-1133\" alt=\"\" decoding=\"async\" loading=\"lazy\" srcset=\"https:\/\/centrodaamazonia.flordelotusdigital.com.br\/wp-content\/uploads\/2023\/07\/bacuri3.png 771w, https:\/\/centrodaamazonia.flordelotusdigital.com.br\/wp-content\/uploads\/2023\/07\/bacuri3-300x199.png 300w, https:\/\/centrodaamazonia.flordelotusdigital.com.br\/wp-content\/uploads\/2023\/07\/bacuri3-768x509.png 768w\" sizes=\"100vw\" \/><\/div><\/a>\n\t\t\t\t<div class=\"elementor-post__text\">\n\t\t\t\t<h3 class=\"elementor-post__title\">\n\t\t\t<a href=\"https:\/\/centrodaamazonia.flordelotusdigital.com.br\/index.php\/2021\/10\/21\/o-turismo-pode-nos-apresentar-a-amazonia-que-nao-conhecemos\/\" >\n\t\t\t\tO turismo pode nos apresentar a Amaz\u00f4nia que n\u00e3o conhecemos\t\t\t<\/a>\n\t\t<\/h3>\n\t\t\t\t<div class=\"elementor-post__excerpt\">\n\t\t\t<p>Raphael Medeiros, Diretor Executivo do Centro de Empreendedorismo da Amaz\u00f4nia, em publica\u00e7\u00e3o para o site plenamata.eco , abordou a urgente necessidade da cria\u00e7\u00e3o de la\u00e7os mais fortes entre as pessoas e a Amaz\u00f4nia, visto que esta conex\u00e3o despertaria nos seres humanos, o desejo em manter a floresta em p\u00e9. Leia<\/p>\n\t\t<\/div>\n\t\t\t\t\t<div class=\"elementor-post__read-more-wrapper\">\n\t\t\n\t\t<a class=\"elementor-post__read-more\" href=\"https:\/\/centrodaamazonia.flordelotusdigital.com.br\/index.php\/2021\/10\/21\/o-turismo-pode-nos-apresentar-a-amazonia-que-nao-conhecemos\/\" aria-label=\"Read more about O turismo pode nos apresentar a Amaz\u00f4nia que n\u00e3o conhecemos\" >\n\t\t\tLeia mais \u00bb\t\t<\/a>\n\n\t\t\t\t\t<\/div>\n\t\t\t\t<\/div>\n\t\t\t\t<div class=\"elementor-post__meta-data\">\n\t\t\t\t\t<span class=\"elementor-post-date\">\n\t\t\t21 de October de 2021\t\t<\/span>\n\t\t\t\t<\/div>\n\t\t\t\t\t<\/div>\n\t\t<\/article>\n\t\t\t\t<\/div>\n\t\t\t\t\t<span class=\"e-load-more-spinner\">\n\t\t\t\t<i aria-hidden=\"true\" class=\"fas fa-spinner\"><\/i>\t\t\t<\/span>\n\t\t\n\t\t\t\t<div class=\"e-load-more-anchor\" data-page=\"1\" data-max-page=\"2\" data-next-page=\"https:\/\/centrodaamazonia.flordelotusdigital.com.br\/index.php\/wp-json\/wp\/v2\/pages\/715\/page\/2\/\"><\/div>\n\t\t\t\t<div class=\"elementor-button-wrapper\">\n\t\t\t<a href=\"#\" class=\"elementor-button-link elementor-button\" role=\"button\">\n\t\t\t\t\t\t<span class=\"elementor-button-content-wrapper\">\n\t\t\t\t\t\t<span class=\"elementor-button-text\">Carregar mais<\/span>\n\t\t<\/span>\n\t\t\t\t\t<\/a>\n\t\t<\/div>\n\t\t\t\t<div class=\"e-load-more-message\"><\/div>\n\t\t\t\t<\/div>\n\t\t\t\t<\/div>\n\t\t\t\t\t<\/div>\n\t\t<\/div>\n\t\t\t\t\t\t\t<\/div>\n\t\t<\/section>\n\t\t\t\t<section class=\"elementor-section elementor-top-section elementor-element elementor-element-7345e59 elementor-section-full_width elementor-section-stretched elementor-section-height-default elementor-section-height-default\" data-id=\"7345e59\" data-element_type=\"section\" data-settings=\"{&quot;stretch_section&quot;:&quot;section-stretched&quot;}\">\n\t\t\t\t\t\t<div class=\"elementor-container elementor-column-gap-no\">\n\t\t\t\t\t<div class=\"elementor-column elementor-col-100 elementor-top-column elementor-element elementor-element-860d0f6\" data-id=\"860d0f6\" data-element_type=\"column\">\n\t\t\t<div class=\"elementor-widget-wrap elementor-element-populated\">\n\t\t\t\t\t\t\t\t<div class=\"elementor-element elementor-element-5f90795 elementor-widget elementor-widget-image\" data-id=\"5f90795\" data-element_type=\"widget\" data-widget_type=\"image.default\">\n\t\t\t\t<div class=\"elementor-widget-container\">\n\t\t\t\t\t\t\t\t\t\t\t\t\t\t\t<img decoding=\"async\" width=\"1920\" height=\"390\" src=\"https:\/\/centrodaamazonia.flordelotusdigital.com.br\/wp-content\/uploads\/2023\/06\/DIVIDER4.png\" class=\"attachment-full size-full wp-image-253\" alt=\"\" loading=\"lazy\" srcset=\"https:\/\/centrodaamazonia.flordelotusdigital.com.br\/wp-content\/uploads\/2023\/06\/DIVIDER4.png 1920w, https:\/\/centrodaamazonia.flordelotusdigital.com.br\/wp-content\/uploads\/2023\/06\/DIVIDER4-300x61.png 300w, https:\/\/centrodaamazonia.flordelotusdigital.com.br\/wp-content\/uploads\/2023\/06\/DIVIDER4-1024x208.png 1024w, https:\/\/centrodaamazonia.flordelotusdigital.com.br\/wp-content\/uploads\/2023\/06\/DIVIDER4-768x156.png 768w, https:\/\/centrodaamazonia.flordelotusdigital.com.br\/wp-content\/uploads\/2023\/06\/DIVIDER4-1536x312.png 1536w\" sizes=\"100vw\" \/>\t\t\t\t\t\t\t\t\t\t\t\t\t\t\t<\/div>\n\t\t\t\t<\/div>\n\t\t\t\t\t<\/div>\n\t\t<\/div>\n\t\t\t\t\t\t\t<\/div>\n\t\t<\/section>\n\t\t\t\t\t\t\t<\/div>\n\t\t","protected":false},"excerpt":{"rendered":"","protected":false},"author":1,"featured_media":0,"parent":0,"menu_order":0,"comment_status":"closed","ping_status":"closed","template":"elementor_header_footer","meta":[],"_links":{"self":[{"href":"https:\/\/centrodaamazonia.flordelotusdigital.com.br\/index.php\/wp-json\/wp\/v2\/pages\/715"}],"collection":[{"href":"https:\/\/centrodaamazonia.flordelotusdigital.com.br\/index.php\/wp-json\/wp\/v2\/pages"}],"about":[{"href":"https:\/\/centrodaamazonia.flordelotusdigital.com.br\/index.php\/wp-json\/wp\/v2\/types\/page"}],"author":[{"embeddable":true,"href":"https:\/\/centrodaamazonia.flordelotusdigital.com.br\/index.php\/wp-json\/wp\/v2\/users\/1"}],"replies":[{"embeddable":true,"href":"https:\/\/centrodaamazonia.flordelotusdigital.com.br\/index.php\/wp-json\/wp\/v2\/comments?post=715"}],"version-history":[{"count":58,"href":"https:\/\/centrodaamazonia.flordelotusdigital.com.br\/index.php\/wp-json\/wp\/v2\/pages\/715\/revisions"}],"predecessor-version":[{"id":1282,"href":"https:\/\/centrodaamazonia.flordelotusdigital.com.br\/index.php\/wp-json\/wp\/v2\/pages\/715\/revisions\/1282"}],"wp:attachment":[{"href":"https:\/\/centrodaamazonia.flordelotusdigital.com.br\/index.php\/wp-json\/wp\/v2\/media?parent=715"}],"curies":[{"name":"wp","href":"https:\/\/api.w.org\/{rel}","templated":true}]}}